{"id":22,"date":"2015-09-25T14:04:50","date_gmt":"2015-09-25T14:04:50","guid":{"rendered":"http:\/\/quandlesanglais.fr\/?page_id=22"},"modified":"2016-11-08T11:59:33","modified_gmt":"2016-11-08T11:59:33","slug":"introduction-au-livre","status":"publish","type":"page","link":"https:\/\/quandlesanglais.fr\/","title":{"rendered":"Pr\u00e9sentation du livre"},"content":{"rendered":"<p><em>Pourquoi les Anglais ont-ils livr\u00e9, en 1840, le Liban, la Syrie et la Palestine \u00e0 l&rsquo;\u00c9tat islamique ottoman ? Comment expliquer les g\u00e9nocides des chr\u00e9tiens du Liban en 1860 et 1915-1918 ?<\/p>\n<p>Pourquoi les Anglais travaillaient-ils en 1915 \u00e0 donner La Mecque pour capitale \u00e0 un \u00c9tat islamique arabe comprenant le Liban, la Syrie et l&rsquo;Irak ? Qu&rsquo;est devenu le califat arabe qu&rsquo;ils avaient essay\u00e9 de cr\u00e9er et qui a fait r\u00eaver Ben Laden et les islamistes modernes ? Pourquoi ont-ils reconnu la supr\u00e9matie des Saoud en Arabie malgr\u00e9 leurs massacres religieux ? <\/p>\n<p>Quelle est l&rsquo;origine v\u00e9ritable de la guerre isra\u00e9lo-palestinienne ? Chacun des deux pr\u00e9tend que l&rsquo;autre a commenc\u00e9. O\u00f9 est la v\u00e9rit\u00e9 ?<\/p>\n<p>Quand les Anglais livraient le Levant \u00e0 l&rsquo;\u00c9tat islamique raconte, par des phrases-choc et un rythme palpitant, une histoire d&rsquo;or et de convoitise, de p\u00e9trole et de voies de communication.<\/em><\/p>\n","protected":false},"excerpt":{"rendered":"<p>Pourquoi les Anglais ont-ils livr\u00e9, en 1840, le Liban, la Syrie et la Palestine \u00e0 l&rsquo;\u00c9tat islamique ottoman ? Comment expliquer les g\u00e9nocides des chr\u00e9tiens du Liban en 1860 et 1915-1918 ? Pourquoi les Anglais travaillaient-ils en 1915 \u00e0 donner La Mecque pour capitale \u00e0 un \u00c9tat islamique arabe comprenant le Liban, la Syrie et &hellip; <a href=\"https:\/\/quandlesanglais.fr\/\" class=\"more-link\">Continuer la lecture de <span class=\"screen-reader-text\">Pr\u00e9sentation du livre<\/span><\/a><\/p>\n","protected":false},"author":1,"featured_media":0,"parent":0,"menu_order":0,"comment_status":"closed","ping_status":"closed","template":"","meta":{"footnotes":""},"class_list":["post-22","page","type-page","status-publish","hentry"],"_links":{"self":[{"href":"https:\/\/quandlesanglais.fr\/index.php\/wp-json\/wp\/v2\/pages\/22","targetHints":{"allow":["GET"]}}],"collection":[{"href":"https:\/\/quandlesanglais.fr\/index.php\/wp-json\/wp\/v2\/pages"}],"about":[{"href":"https:\/\/quandlesanglais.fr\/index.php\/wp-json\/wp\/v2\/types\/page"}],"author":[{"embeddable":true,"href":"https:\/\/quandlesanglais.fr\/index.php\/wp-json\/wp\/v2\/users\/1"}],"replies":[{"embeddable":true,"href":"https:\/\/quandlesanglais.fr\/index.php\/wp-json\/wp\/v2\/comments?post=22"}],"version-history":[{"count":5,"href":"https:\/\/quandlesanglais.fr\/index.php\/wp-json\/wp\/v2\/pages\/22\/revisions"}],"predecessor-version":[{"id":227,"href":"https:\/\/quandlesanglais.fr\/index.php\/wp-json\/wp\/v2\/pages\/22\/revisions\/227"}],"wp:attachment":[{"href":"https:\/\/quandlesanglais.fr\/index.php\/wp-json\/wp\/v2\/media?parent=22"}],"curies":[{"name":"wp","href":"https:\/\/api.w.org\/{rel}","templated":true}]}}