{"id":34,"date":"2015-09-25T16:42:28","date_gmt":"2015-09-25T16:42:28","guid":{"rendered":"http:\/\/quandlesanglais.fr\/?page_id=34"},"modified":"2016-12-05T13:29:42","modified_gmt":"2016-12-05T13:29:42","slug":"lauteur","status":"publish","type":"page","link":"https:\/\/quandlesanglais.fr\/index.php\/lauteur\/","title":{"rendered":"L&rsquo;auteur"},"content":{"rendered":"<p>Lina Murr Nehm\u00e9, franco-libanaise, est professeur \u00e0 l\u2019Universit\u00e9 libanaise. Elle est sp\u00e9cialiste de l\u2019Islam, historienne et politologue.<\/p>\n<p>Durant 35 ans, elle a fait des recherches intensives au sujet des guerres contemporaines du Moyen-Orient, des mouvements terroristes, de leurs motivations, de leurs textes de r\u00e9f\u00e9rence, de leurs id\u00e9es, de leurs actions, et aussi, de leurs racines historiques : le Moyen \u00c2ge, la Renaissance, etc. <\/p>\n<p>Le r\u00e9sultat\u2008: des ouvrages qui d\u00e9molissent des id\u00e9es re\u00e7ues, notamment : <em>1453\u2008: Mahomet II impose le schisme orthodoxe<\/em>; <em>Fatwas et Caricatures\u2008: La strat\u00e9gie de l\u2019islamisme<\/em>; et <em>Quand les Anglais livraient le Levant \u00e0 l&#039;Etat Islamique\u2008: Or, corruption et politique \u00e9trang\u00e8re britannique<\/em><\/p>\n","protected":false},"excerpt":{"rendered":"<p>Lina Murr Nehm\u00e9, franco-libanaise, est professeur \u00e0 l\u2019Universit\u00e9 libanaise. Elle est sp\u00e9cialiste de l\u2019Islam, historienne et politologue. Durant 35 ans, elle a fait des recherches intensives au sujet des guerres contemporaines du Moyen-Orient, des mouvements terroristes, de leurs motivations, de leurs textes de r\u00e9f\u00e9rence, de leurs id\u00e9es, de leurs actions, et aussi, de leurs racines &hellip; <a href=\"https:\/\/quandlesanglais.fr\/index.php\/lauteur\/\" class=\"more-link\">Continuer la lecture de <span class=\"screen-reader-text\">L&rsquo;auteur<\/span><\/a><\/p>\n","protected":false},"author":1,"featured_media":0,"parent":0,"menu_order":0,"comment_status":"closed","ping_status":"closed","template":"","meta":{"footnotes":""},"class_list":["post-34","page","type-page","status-publish","hentry"],"_links":{"self":[{"href":"https:\/\/quandlesanglais.fr\/index.php\/wp-json\/wp\/v2\/pages\/34","targetHints":{"allow":["GET"]}}],"collection":[{"href":"https:\/\/quandlesanglais.fr\/index.php\/wp-json\/wp\/v2\/pages"}],"about":[{"href":"https:\/\/quandlesanglais.fr\/index.php\/wp-json\/wp\/v2\/types\/page"}],"author":[{"embeddable":true,"href":"https:\/\/quandlesanglais.fr\/index.php\/wp-json\/wp\/v2\/users\/1"}],"replies":[{"embeddable":true,"href":"https:\/\/quandlesanglais.fr\/index.php\/wp-json\/wp\/v2\/comments?post=34"}],"version-history":[{"count":5,"href":"https:\/\/quandlesanglais.fr\/index.php\/wp-json\/wp\/v2\/pages\/34\/revisions"}],"predecessor-version":[{"id":261,"href":"https:\/\/quandlesanglais.fr\/index.php\/wp-json\/wp\/v2\/pages\/34\/revisions\/261"}],"wp:attachment":[{"href":"https:\/\/quandlesanglais.fr\/index.php\/wp-json\/wp\/v2\/media?parent=34"}],"curies":[{"name":"wp","href":"https:\/\/api.w.org\/{rel}","templated":true}]}}