{"id":51,"date":"2015-10-26T14:55:07","date_gmt":"2015-10-26T14:55:07","guid":{"rendered":"http:\/\/quandlesanglais.fr\/?page_id=51"},"modified":"2017-05-02T20:38:19","modified_gmt":"2017-05-02T20:38:19","slug":"acheter-le-livre","status":"publish","type":"page","link":"https:\/\/quandlesanglais.fr\/index.php\/acheter-le-livre\/","title":{"rendered":"Acheter le livre"},"content":{"rendered":"<p>En France, \u00ab\u00a0Quand les Anglais livraient le Levant \u00e0 l\u2019\u00c9tat islamique\u00a0\u00bb est sorti le 10 Novembre, 2016, et peut \u00eatre trouv\u00e9 ou command\u00e9 dans de tr\u00e8s nombreuses librairies, notamment \u00e0 la FNAC, \u00e0 la Procure, dans les magasins de la cha\u00eene de supermarch\u00e9s Leclerc, chez Gibert, etc. <\/p>\n<p>Il est disponible \u00e9galement chez plusieurs libraires francophones en Suisse, Belgique, au Canada, au Liban. (\u00c0 ce sujet contacter l&rsquo;\u00e9diteur.)<\/p>\n<p>Il est \u00e9galement disponible en ligne, notamment sur les sites suivants:<\/p>\n<ul>\n<li><a href=\"http:\/\/www.editions-salvator.com\/A-24588-quand-les-anglais-livraient-le-levant-a-l-etat-islamique.-or-corruption-et-politique-etrangere-britannique.aspx\" target=\"_blank\">Chez l&rsquo;\u00e9diteur<\/a><\/li>\n<li><a href=\"https:\/\/www.amazon.fr\/Anglais-livraient-l-Irak-Levant-islamique\/dp\/2706714115\/ref=sr_1_1?s=books&#038;ie=UTF8&#038;qid=1480940989&#038;sr=1-1&#038;keywords=quand+les+anglais+livraient+le+levant\" target=\"_blank\">Amazon.fr<\/a><\/li>\n<li><a href=\"http:\/\/livre.fnac.com\/a9591738\/Lina-Murr-Nehme-Quand-les-Anglais-livraient-l-Irak-et-le-Levant-a-l-Etat-islamique\" target=\"_blank\">FNAC<\/a><\/li>\n<li><a href=\"http:\/\/www.e-leclerc.com\/espace+culturel\/produit\/quand-les-anglais-livraient-l-irak-et-le-levant-%C3%A0-l-etat-islamique-or-corruption-et-politique-%C3%A9trang%C3%A8re-britannique,28800987\/\" target=\"_blank\">Leclerc<\/a><\/li>\n<\/ul>\n<p>Si vous habitez au Liban, l&rsquo;option la moins ch&egrave;re est de l&rsquo;acheter directement de la Librairie Antoine, pl&ucirc;tot qu&rsquo;en ligne. <\/p>\n","protected":false},"excerpt":{"rendered":"<p>En France, \u00ab\u00a0Quand les Anglais livraient le Levant \u00e0 l\u2019\u00c9tat islamique\u00a0\u00bb est sorti le 10 Novembre, 2016, et peut \u00eatre trouv\u00e9 ou command\u00e9 dans de tr\u00e8s nombreuses librairies, notamment \u00e0 la FNAC, \u00e0 la Procure, dans les magasins de la cha\u00eene de supermarch\u00e9s Leclerc, chez Gibert, etc. Il est disponible \u00e9galement chez plusieurs libraires francophones &hellip; <a href=\"https:\/\/quandlesanglais.fr\/index.php\/acheter-le-livre\/\" class=\"more-link\">Continuer la lecture de <span class=\"screen-reader-text\">Acheter le livre<\/span><\/a><\/p>\n","protected":false},"author":1,"featured_media":0,"parent":0,"menu_order":0,"comment_status":"closed","ping_status":"closed","template":"","meta":{"footnotes":""},"class_list":["post-51","page","type-page","status-publish","hentry"],"_links":{"self":[{"href":"https:\/\/quandlesanglais.fr\/index.php\/wp-json\/wp\/v2\/pages\/51","targetHints":{"allow":["GET"]}}],"collection":[{"href":"https:\/\/quandlesanglais.fr\/index.php\/wp-json\/wp\/v2\/pages"}],"about":[{"href":"https:\/\/quandlesanglais.fr\/index.php\/wp-json\/wp\/v2\/types\/page"}],"author":[{"embeddable":true,"href":"https:\/\/quandlesanglais.fr\/index.php\/wp-json\/wp\/v2\/users\/1"}],"replies":[{"embeddable":true,"href":"https:\/\/quandlesanglais.fr\/index.php\/wp-json\/wp\/v2\/comments?post=51"}],"version-history":[{"count":32,"href":"https:\/\/quandlesanglais.fr\/index.php\/wp-json\/wp\/v2\/pages\/51\/revisions"}],"predecessor-version":[{"id":297,"href":"https:\/\/quandlesanglais.fr\/index.php\/wp-json\/wp\/v2\/pages\/51\/revisions\/297"}],"wp:attachment":[{"href":"https:\/\/quandlesanglais.fr\/index.php\/wp-json\/wp\/v2\/media?parent=51"}],"curies":[{"name":"wp","href":"https:\/\/api.w.org\/{rel}","templated":true}]}}